{"id":7,"date":"2023-08-28T23:05:20","date_gmt":"2023-08-28T23:05:20","guid":{"rendered":"https:\/\/www.tecnojato.com.br\/site\/?page_id=7"},"modified":"2023-09-13T17:01:57","modified_gmt":"2023-09-13T17:01:57","slug":"inicio","status":"publish","type":"page","link":"https:\/\/www.tecnojato.com.br\/site\/","title":{"rendered":"In\u00edcio"},"content":{"rendered":"<div style=\"display: none;\">\n<p>manuten\u00e7\u00e3o industrial victor graeff granalha victor graeff, tecnojato em victor graeff, industria, victor graeff RS, industria e manuten\u00e7\u00e3o industrial treinamento victor graeff<\/p>\n<h1>industria em victor graeff,\u00a0tecnojato victor graeff, granalha victor graeff,<\/h1>\n<h2>industria em victor graeff, manuten\u00e7\u00e3o industrial victor graeff e regi\u00e3o, granalha victor graeff em victor graeff, industria venda tecnojato manuten\u00e7\u00e3o industrial treinamento victor graeff, manuten\u00e7\u00e3o industrial em victor graeff rs, industria, para victor graeff e regi\u00e3o, industria para victor graeff e regi\u00e3o\u00a0manuten\u00e7\u00e3o industrial manuten\u00e7\u00e3o industrial manuten\u00e7\u00e3o industrial treinamento victor graeff de industria em victor graeff, manuten\u00e7\u00e3o industrial victor graeff e regi\u00e3o, granalha victor graeff em victor graeff, industria venda tecnojato manuten\u00e7\u00e3o industrial treinamento victor graeff, manuten\u00e7\u00e3o industrial em victor graeff rs, industria,<a title=\"manuten\u00e7\u00e3o industrial manuten\u00e7\u00e3o industrial manuten\u00e7\u00e3o industrial treinamento victor graeff de industria em victor graeff, manuten\u00e7\u00e3o industrial victor graeff e regi\u00e3o, granalha victor graeff em victor graeff, industria venda tecnojato manuten\u00e7\u00e3o industrial treinamento victor graeff, manuten\u00e7\u00e3o industrial em victor graeff rs, industria, para victor graeff e regi\u00e3o, industria para victor graeff e regi\u00e3o\" href=\"http:\/\/www.tecnojato.com.br\">para victor graeff e regi\u00e3o, industria para victor graeff e regi\u00e3o\u00a0manuten\u00e7\u00e3o industrial manuten\u00e7\u00e3o industrial manuten\u00e7\u00e3o industrial treinamento victor graeff de industria em victor graeff, manuten\u00e7\u00e3o industrial victor graeff e regi\u00e3o, granalha victor graeff em victor graeff, industria venda tecnojato manuten\u00e7\u00e3o industrial treinamento victor graeff, manuten\u00e7\u00e3o industrial em victor graeff rs, industria<\/a>, para victor graeff e regi\u00e3o, industria para victor graeff e regi\u00e3o\u00a0manuten\u00e7\u00e3o industrial manuten\u00e7\u00e3o industrial manuten\u00e7\u00e3o industrial treinamento victor graeff de industria em victor graeff, manuten\u00e7\u00e3o industrial victor graeff e regi\u00e3o, granalha victor graeff em victor graeff, industria venda tecnojato manuten\u00e7\u00e3o industrial treinamento victor graeff, manuten\u00e7\u00e3o industrial em victor graeff rs, industria, para victor graeff e regi\u00e3o, industria para victor graeff e regi\u00e3o\u00a0manuten\u00e7\u00e3o industrial manuten\u00e7\u00e3o industrial manuten\u00e7\u00e3o industrial treinamento victor graeff de industria em victor graeff, manuten\u00e7\u00e3o industrial victor graeff e regi\u00e3o, granalha victor graeff em victor graeff, industria venda tecnojato manuten\u00e7\u00e3o industrial treinamento victor graeff, manuten\u00e7\u00e3o industrial em victor graeff rs, industria, para victor graeff e regi\u00e3o,<a title=\"manuten\u00e7\u00e3o industrial manuten\u00e7\u00e3o industrial manuten\u00e7\u00e3o industrial treinamento victor graeff de industria em victor graeff, manuten\u00e7\u00e3o industrial victor graeff e regi\u00e3o, granalha victor graeff em victor graeff, industria venda tecnojato manuten\u00e7\u00e3o industrial treinamento victor graeff, manuten\u00e7\u00e3o industrial em victor graeff rs, industria, para victor graeff e regi\u00e3o, industria para victor graeff e regi\u00e3o\" href=\"https:\/\/www.tecnojato.com.br\/site\">industria para victor graeff e regi\u00e3o\u00a0manuten\u00e7\u00e3o industrial manuten\u00e7\u00e3o industrial manuten\u00e7\u00e3o industrial treinamento victor graeff de industria em victor graeff, manuten\u00e7\u00e3o industrial victor graeff e regi\u00e3o, cria\u00e7\u00e3o de sit<\/a>es em victor graeff, industria venda tecnojato manuten\u00e7\u00e3o industrial treinamento victor graeff, manuten\u00e7\u00e3o industrial em victor graeff rs, industria, para victor graeff e regi\u00e3o, industria para victor graeff e regi\u00e3o<\/h2>\n<div id=\"attachment_747\" style=\"width: 353px\" class=\"wp-caption aligncenter\"><a href=\"https:\/\/www.tecnojato.com.br\/site\/wp-content\/uploads\/2013\/06\/per\u00edcia-m\u00e9dica-passo-fundo-rs.jpg\"><img decoding=\"async\" aria-describedby=\"caption-attachment-747\" class=\"size-full wp-image-747 \" title=\"manuten\u00e7\u00e3o industrial manuten\u00e7\u00e3o industrial manuten\u00e7\u00e3o industrial treinamento victor graeff de industria em victor graeff\" src=\"https:\/\/www.tecnojato.com.br\/site\/wp-content\/uploads\/2013\/06\/per\u00edcia-m\u00e9dica-passo-fundo-rs.jpg\" alt=\"manuten\u00e7\u00e3o industrial manuten\u00e7\u00e3o industrial manuten\u00e7\u00e3o industrial treinamento victor graeff de industria em victor graeff\" width=\"343\" height=\"300\"  loading=\"lazy\" \/><\/a><p id=\"caption-attachment-747\" class=\"wp-caption-text\">manuten\u00e7\u00e3o industrial manuten\u00e7\u00e3o industrial manuten\u00e7\u00e3o industrial treinamento victor graeff de industria em victor graeff<\/p><\/div>\n<\/div>\n","protected":false},"excerpt":{"rendered":"<p>manuten\u00e7\u00e3o industrial victor graeff granalha victor graeff, tecnojato em victor graeff, industria, victor graeff RS, [&hellip;]<\/p>\n","protected":false},"author":1,"featured_media":0,"parent":0,"menu_order":0,"comment_status":"closed","ping_status":"closed","template":"template-inicio.php","meta":{"footnotes":""},"class_list":["post-7","page","type-page","status-publish","hentry"],"_links":{"self":[{"href":"https:\/\/www.tecnojato.com.br\/site\/wp-json\/wp\/v2\/pages\/7"}],"collection":[{"href":"https:\/\/www.tecnojato.com.br\/site\/wp-json\/wp\/v2\/pages"}],"about":[{"href":"https:\/\/www.tecnojato.com.br\/site\/wp-json\/wp\/v2\/types\/page"}],"author":[{"embeddable":true,"href":"https:\/\/www.tecnojato.com.br\/site\/wp-json\/wp\/v2\/users\/1"}],"replies":[{"embeddable":true,"href":"https:\/\/www.tecnojato.com.br\/site\/wp-json\/wp\/v2\/comments?post=7"}],"version-history":[{"count":2,"href":"https:\/\/www.tecnojato.com.br\/site\/wp-json\/wp\/v2\/pages\/7\/revisions"}],"predecessor-version":[{"id":104,"href":"https:\/\/www.tecnojato.com.br\/site\/wp-json\/wp\/v2\/pages\/7\/revisions\/104"}],"wp:attachment":[{"href":"https:\/\/www.tecnojato.com.br\/site\/wp-json\/wp\/v2\/media?parent=7"}],"curies":[{"name":"wp","href":"https:\/\/api.w.org\/{rel}","templated":true}]}}